{"id":2649,"date":"2023-05-11T16:52:30","date_gmt":"2023-05-11T14:52:30","guid":{"rendered":"https:\/\/gestracking.com\/produits\/machinerie\/"},"modified":"2023-05-23T19:07:42","modified_gmt":"2023-05-23T17:07:42","slug":"machinerie","status":"publish","type":"page","link":"https:\/\/gestracking.com\/fr\/produits\/machinerie\/","title":{"rendered":"Machinerie"},"content":{"rendered":"<div class=\"wpb-content-wrapper\"><p>[vc_row full_width=\u00a0\u00bbstretch_row_content\u00a0\u00bb el_class=\u00a0\u00bbseparador-inicial\u00a0\u00bb][vc_column][\/vc_column][\/vc_row][vc_row css=\u00a0\u00bb.vc_custom_1683756731356{padding-top: 80px !important;}\u00a0\u00bb][vc_column]<div id=\"ultimate-heading-817469f85d67bea6f\" class=\"uvc-heading ult-adjust-bottom-margin ultimate-heading-817469f85d67bea6f uvc-6482 separador-personalizado uvc-heading-default-font-sizes\" data-hspacer=\"line_only\"  data-halign=\"center\" style=\"text-align:center\"><div class=\"uvc-main-heading ult-responsive\"  data-ultimate-target='.uvc-heading.ultimate-heading-817469f85d67bea6f h2'  data-responsive-json-new='{\"font-size\":\"\",\"line-height\":\"\"}' ><h2 style=\"--font-weight:theme;\">MACHINERIE<\/h2><\/div><div class=\"uvc-heading-spacer line_only\" style=\"topheight:9px;\"><span class=\"uvc-headings-line\" style=\"border-style:solid;border-bottom-width:9px;border-color:;width:160px;\"><\/span><\/div><\/div>[vc_empty_space height=\u00a0\u00bb64px\u00a0\u00bb][\/vc_column][\/vc_row][vc_row css=\u00a0\u00bb.vc_custom_1683796294329{margin-bottom: 64px !important;}\u00a0\u00bb][vc_column width=\u00a0\u00bb1\/2&Prime;]<style type=\"text\/css\" data-type=\"the7_shortcodes-inline-css\">.shortcode-single-image-wrap.shortcode-single-image-3be95d26a5a7f605c27ab72a722da2e2.enable-bg-rollover .rollover i,\n.shortcode-single-image-wrap.shortcode-single-image-3be95d26a5a7f605c27ab72a722da2e2.enable-bg-rollover .rollover-video i {\n  background: -webkit-linear-gradient();\n  background: linear-gradient();\n}\n.shortcode-single-image-wrap.shortcode-single-image-3be95d26a5a7f605c27ab72a722da2e2 .rollover-icon {\n  font-size: 32px;\n  color: #ffffff;\n  min-width: 44px;\n  min-height: 44px;\n  line-height: 44px;\n  border-radius: 100px;\n  border-style: solid;\n  border-width: 0px;\n}\n.dt-icon-bg-on.shortcode-single-image-wrap.shortcode-single-image-3be95d26a5a7f605c27ab72a722da2e2 .rollover-icon {\n  background: rgba(255,255,255,0.3);\n  box-shadow: none;\n}\n<\/style><div class=\"shortcode-single-image-wrap shortcode-single-image-3be95d26a5a7f605c27ab72a722da2e2 alignnone  enable-bg-rollover dt-icon-bg-off\" style=\"margin-top:0px; margin-bottom:0px; margin-left:0px; margin-right:0px; width:500px;\"><div class=\"shortcode-single-image\"><div class=\"fancy-media-wrap  layzr-bg\" style=\"\"><img fetchpriority=\"high\" decoding=\"async\" class=\"preload-me lazy-load aspect\" src=\"data:image\/svg+xml,%3Csvg%20xmlns%3D&#39;http%3A%2F%2Fwww.w3.org%2F2000%2Fsvg&#39;%20viewBox%3D&#39;0%200%20500%20500&#39;%2F%3E\" data-src=\"https:\/\/gestracking.com\/wp-content\/uploads\/2023\/05\/maquinaria.png\" data-srcset=\"https:\/\/gestracking.com\/wp-content\/uploads\/2023\/05\/maquinaria.png 500w\" loading=\"eager\" sizes=\"(max-width: 500px) 100vw, 500px\" width=\"500\" height=\"500\"  data-dt-location=\"https:\/\/gestracking.com\/fr\/maquinaria-2\/\" style=\"--ratio: 500 \/ 500;\" alt=\"maquinaria\" \/><\/div><\/div><\/div>[vc_column_text css=\u00a0\u00bb.vc_custom_1683758663667{padding-top: 60px !important;}\u00a0\u00bb]<\/p>\n<p class=\"parrafo-verde-en-sectores\"><strong>Notre plateforme de suivi est <span class=\"verde-cesped\">totalement flexible<\/span>,<\/strong> permettant \u00e0 nos <strong>clients d\u2019ajouter les <span class=\"verde-cesped\">modules<\/span> et les <span class=\"verde-cesped\">solutions<\/span><\/strong> qui r\u00e9pondent le mieux \u00e0 leurs <strong>besoins.<\/strong><\/p>\n<p>[\/vc_column_text][\/vc_column][vc_column width=\u00a0\u00bb1\/2&Prime;][vc_column_text css=\u00a0\u00bb.vc_custom_1683816881804{margin-bottom: 30px !important;}\u00a0\u00bb]<\/p>\n<p class=\"tamano-intermedio\">Gestracking permet de contr\u00f4ler et de surveiller l\u2019activit\u00e9 des Machines, qu\u2019il s\u2019agisse de g\u00e9n\u00e9rateurs isol\u00e9s lourds ou simples sur le territoire.<\/p>\n<p>[\/vc_column_text][vc_column_text el_class=\u00a0\u00bbbloque-gris-con-lista iconoplay\u00a0\u00bb css=\u00a0\u00bb.vc_custom_1683816971979{padding-top: 60px !important;padding-bottom: 45px !important;}\u00a0\u00bb]<\/p>\n<ul>\n<li>Pour les machines, nous avons diff\u00e9rentes solutions de contr\u00f4le et de surveillance. Dispositifs avec <span class=\"verde-oscuro\"><strong>tr\u00e8s longue dur\u00e9e de vie de la batterie<\/strong><\/span> qui ne n\u00e9cessitent pas d\u2019installation. Ils nous permettent de localiser les machines en fonction des heures que nous souhaitons configurer ou sur demande. La dur\u00e9e de vie des batteries atteint environ 2 ans.<\/li>\n<li>Comme alternative, et lorsque le type de machines le permet, nous pouvons utiliser <span class=\"verde-oscuro\"><strong>des appareils avec installation et batteries plus puissantes<\/strong><\/span>. Dans ce cas, nous aurons tous les avantages de la plateforme de suivi, avec des rapports et une analyse d\u00e9taill\u00e9e de l\u2019activit\u00e9 du v\u00e9hicule.<\/li>\n<li>L\u2019utilisation de ces derniers appareils, en plus, nous permet de fournir toutes les <span class=\"verde-oscuro\"><strong>fonctionnalit\u00e9s anti-vol<\/strong><\/span>, en pouvant compter sur des autonomies qui d\u00e9passent 3 mois d\u2019inactivit\u00e9 du v\u00e9hicule.<\/li>\n<\/ul>\n<p>[\/vc_column_text][\/vc_column][\/vc_row][vc_row css=\u00a0\u00bb.vc_custom_1683797730034{margin-bottom: 80px !important;padding-top: 25px !important;padding-bottom: 25px !important;background-color: #c7dae1 !important;}\u00a0\u00bb el_class=\u00a0\u00bbseccion-contacto-sectores\u00a0\u00bb][vc_column width=\u00a0\u00bb5\/12&Prime;][vc_column_text]<\/p>\n<p class=\"tit-contacto-sectores\">N\u2019oubliez pas que Gestracking <span class=\"verde-oscuro\">d\u00e9veloppe<\/span> pour ses <span class=\"verde-electrico\">lients sans frais suppl\u00e9mentaires<\/span><\/p>\n<p>[\/vc_column_text][\/vc_column][vc_column width=\u00a0\u00bb1\/12&Prime;][vc_single_image image=\u00a0\u00bb1948&Prime; img_size=\u00a0\u00bbfull\u00a0\u00bb alignment=\u00a0\u00bbcenter\u00a0\u00bb el_class=\u00a0\u00bbimagen-exclamacion-sectores\u00a0\u00bb][\/vc_column][vc_column width=\u00a0\u00bb6\/12&Prime;][vc_column_text]Si vous avez des questions ou besoin d\u2019\u00e9claircissements, on vous appelle.[\/vc_column_text]<form class=\"dt-contact-form dt-form privacy-form\" method=\"post\"><input type=\"hidden\" name=\"widget_id\" value=\"presscore-contact-form-widget--1\" \/><input type=\"hidden\" name=\"send_message\" value=\"\" \/><input type=\"hidden\" name=\"security_token\" value=\"dbc677cab55c85fdbc6d\"\/><div class=\"form-fields\"><span class=\"form-name\"><label class=\"assistive-text\">Nom *<\/label><input type=\"text\" class=\"validate[required]\" placeholder=\"Nom *\" name=\"name\" value=\"\" aria-required=\"true\">\n<\/span><span class=\"form-telephone\"><label class=\"assistive-text\">T\u00e9l\u00e9phone *<\/label><input type=\"text\" class=\"validate[required,custom[phone]]\" placeholder=\"T\u00e9l\u00e9phone *\" name=\"telephone\" value=\"\" aria-required=\"true\">\n<\/span><\/div><p class=\"the7-form-terms-wrap\"><input type=\"checkbox\" id=\"the7-form-terms-f621585df244e9596dc70a39b579efb1\" name=\"terms\" class=\"validate[required] the7-form-terms\" aria-required=\"true\" \/>&nbsp;<label for=\"the7-form-terms-f621585df244e9596dc70a39b579efb1\"><span class=\"form-terms-text\">Por favor, confirma que has le\u00eddo nuestra <a href=\"http:\/\/gestracking.com\/privacidad_datos\">Pol\u00edtica de Privacidad y Confidencialidad de Datos<\/a>.\n<br><\/span><\/label><\/p><p><a href=\"#\" class=\"dt-btn dt-btn-m dt-btn-submit\" rel=\"nofollow\"><span>ENVOYEZ ET NOUS VOUS APPELLERONS!<\/span><\/a><input class=\"assistive-text\" type=\"submit\" value=\"envoyer\"><\/p><\/form>\n[\/vc_column][\/vc_row][vc_row full_width=\u00a0\u00bbstretch_row_content\u00a0\u00bb el_class=\u00a0\u00bbseparador-final\u00a0\u00bb][vc_column][\/vc_column][\/vc_row]<\/p>\n<\/div>","protected":false},"excerpt":{"rendered":"<p>[vc_row full_width=\u00a0\u00bbstretch_row_content\u00a0\u00bb el_class=\u00a0\u00bbseparador-inicial\u00a0\u00bb][vc_column][\/vc_column][\/vc_row][vc_row css=\u00a0\u00bb.vc_custom_1683756731356{padding-top: 80px !important;}\u00a0\u00bb][vc_column][vc_empty_space height=\u00a0\u00bb64px\u00a0\u00bb][\/vc_column][\/vc_row][vc_row css=\u00a0\u00bb.vc_custom_1683796294329{margin-bottom: 64px !important;}\u00a0\u00bb][vc_column width=\u00a0\u00bb1\/2&Prime;][vc_column_text css=\u00a0\u00bb.vc_custom_1683758663667{padding-top: 60px !important;}\u00a0\u00bb] Notre plateforme de suivi est totalement flexible, permettant \u00e0 nos clients d\u2019ajouter les modules et les solutions qui r\u00e9pondent le mieux \u00e0 leurs besoins. [\/vc_column_text][\/vc_column][vc_column width=\u00a0\u00bb1\/2&Prime;][vc_column_text css=\u00a0\u00bb.vc_custom_1683816881804{margin-bottom: 30px !important;}\u00a0\u00bb] Gestracking permet de contr\u00f4ler et de surveiller l\u2019activit\u00e9 des Machines, qu\u2019il s\u2019agisse&hellip;<\/p>\n","protected":false},"author":2,"featured_media":0,"parent":2611,"menu_order":0,"comment_status":"closed","ping_status":"closed","template":"","meta":{"inline_featured_image":false,"footnotes":""},"class_list":["post-2649","page","type-page","status-publish","hentry","description-off"],"aioseo_notices":[],"_links":{"self":[{"href":"https:\/\/gestracking.com\/fr\/wp-json\/wp\/v2\/pages\/2649","targetHints":{"allow":["GET"]}}],"collection":[{"href":"https:\/\/gestracking.com\/fr\/wp-json\/wp\/v2\/pages"}],"about":[{"href":"https:\/\/gestracking.com\/fr\/wp-json\/wp\/v2\/types\/page"}],"author":[{"embeddable":true,"href":"https:\/\/gestracking.com\/fr\/wp-json\/wp\/v2\/users\/2"}],"replies":[{"embeddable":true,"href":"https:\/\/gestracking.com\/fr\/wp-json\/wp\/v2\/comments?post=2649"}],"version-history":[{"count":2,"href":"https:\/\/gestracking.com\/fr\/wp-json\/wp\/v2\/pages\/2649\/revisions"}],"predecessor-version":[{"id":2651,"href":"https:\/\/gestracking.com\/fr\/wp-json\/wp\/v2\/pages\/2649\/revisions\/2651"}],"up":[{"embeddable":true,"href":"https:\/\/gestracking.com\/fr\/wp-json\/wp\/v2\/pages\/2611"}],"wp:attachment":[{"href":"https:\/\/gestracking.com\/fr\/wp-json\/wp\/v2\/media?parent=2649"}],"curies":[{"name":"wp","href":"https:\/\/api.w.org\/{rel}","templated":true}]}}