{"id":2634,"date":"2023-05-11T13:22:55","date_gmt":"2023-05-11T11:22:55","guid":{"rendered":"https:\/\/gestracking.com\/produits\/plateformes\/"},"modified":"2023-05-23T19:16:09","modified_gmt":"2023-05-23T17:16:09","slug":"plateformes","status":"publish","type":"page","link":"https:\/\/gestracking.com\/fr\/produits\/plateformes\/","title":{"rendered":"Plateformes"},"content":{"rendered":"<div class=\"wpb-content-wrapper\"><p>[vc_row full_width=\u00a0\u00bbstretch_row_content\u00a0\u00bb el_class=\u00a0\u00bbseparador-inicial\u00a0\u00bb][vc_column][\/vc_column][\/vc_row][vc_row css=\u00a0\u00bb.vc_custom_1683756731356{padding-top: 80px !important;}\u00a0\u00bb][vc_column]<div id=\"ultimate-heading-64626a06d8be18c6d\" class=\"uvc-heading ult-adjust-bottom-margin ultimate-heading-64626a06d8be18c6d uvc-35 separador-personalizado uvc-heading-default-font-sizes\" data-hspacer=\"line_only\"  data-halign=\"center\" style=\"text-align:center\"><div class=\"uvc-main-heading ult-responsive\"  data-ultimate-target='.uvc-heading.ultimate-heading-64626a06d8be18c6d h2'  data-responsive-json-new='{\"font-size\":\"\",\"line-height\":\"\"}' ><h2 style=\"--font-weight:theme;\">PLATEFORMES<\/h2><\/div><div class=\"uvc-heading-spacer line_only\" style=\"topheight:9px;\"><span class=\"uvc-headings-line\" style=\"border-style:solid;border-bottom-width:9px;border-color:;width:160px;\"><\/span><\/div><\/div>[vc_empty_space height=\u00a0\u00bb64px\u00a0\u00bb][\/vc_column][\/vc_row][vc_row css=\u00a0\u00bb.vc_custom_1683796294329{margin-bottom: 64px !important;}\u00a0\u00bb][vc_column width=\u00a0\u00bb1\/2&Prime;]<style type=\"text\/css\" data-type=\"the7_shortcodes-inline-css\">.shortcode-single-image-wrap.shortcode-single-image-38429e78654f8eb214fbd654aaab4796.enable-bg-rollover .rollover i,\n.shortcode-single-image-wrap.shortcode-single-image-38429e78654f8eb214fbd654aaab4796.enable-bg-rollover .rollover-video i {\n  background: -webkit-linear-gradient();\n  background: linear-gradient();\n}\n.shortcode-single-image-wrap.shortcode-single-image-38429e78654f8eb214fbd654aaab4796 .rollover-icon {\n  font-size: 32px;\n  color: #ffffff;\n  min-width: 44px;\n  min-height: 44px;\n  line-height: 44px;\n  border-radius: 100px;\n  border-style: solid;\n  border-width: 0px;\n}\n.dt-icon-bg-on.shortcode-single-image-wrap.shortcode-single-image-38429e78654f8eb214fbd654aaab4796 .rollover-icon {\n  background: rgba(255,255,255,0.3);\n  box-shadow: none;\n}\n<\/style><div class=\"shortcode-single-image-wrap shortcode-single-image-38429e78654f8eb214fbd654aaab4796 alignnone  enable-bg-rollover dt-icon-bg-off\" style=\"margin-top:0px; margin-bottom:0px; margin-left:0px; margin-right:0px; width:500px;\"><div class=\"shortcode-single-image\"><div class=\"fancy-media-wrap  layzr-bg\" style=\"\"><img fetchpriority=\"high\" decoding=\"async\" class=\"preload-me lazy-load aspect\" src=\"data:image\/svg+xml,%3Csvg%20xmlns%3D&#39;http%3A%2F%2Fwww.w3.org%2F2000%2Fsvg&#39;%20viewBox%3D&#39;0%200%20500%20500&#39;%2F%3E\" data-src=\"https:\/\/gestracking.com\/wp-content\/uploads\/2023\/05\/plataformas.png\" data-srcset=\"https:\/\/gestracking.com\/wp-content\/uploads\/2023\/05\/plataformas.png 500w\" loading=\"eager\" sizes=\"(max-width: 500px) 100vw, 500px\" width=\"500\" height=\"500\"  data-dt-location=\"https:\/\/gestracking.com\/fr\/plataformas-2\/\" style=\"--ratio: 500 \/ 500;\" alt=\"\" \/><\/div><\/div><\/div>[vc_column_text css=\u00a0\u00bb.vc_custom_1683758663667{padding-top: 60px !important;}\u00a0\u00bb]<\/p>\n<p class=\"parrafo-verde-en-sectores\"><strong>Notre plateforme de suivi est <span class=\"verde-cesped\">totalement flexible<\/span>,<\/strong> permettant \u00e0 nos <strong>clients d\u2019ajouter les <span class=\"verde-cesped\">modules<\/span> et les <span class=\"verde-cesped\">solutions<\/span><\/strong> qui r\u00e9pondent le mieux \u00e0 leurs <strong>besoins.<\/strong><\/p>\n<p>[\/vc_column_text][\/vc_column][vc_column width=\u00a0\u00bb1\/2&Prime;][vc_column_text css=\u00a0\u00bb.vc_custom_1683804319730{margin-bottom: 30px !important;}\u00a0\u00bb]<\/p>\n<p class=\"tamano-intermedio\">Le contr\u00f4le de plateforme est un besoin de plus en plus ressenti dans le transport.<\/p>\n<p>[\/vc_column_text][vc_column_text el_class=\u00a0\u00bbbloque-gris-con-lista iconoplay\u00a0\u00bb css=\u00a0\u00bb.vc_custom_1683804571053{padding-top: 60px !important;padding-bottom: 45px !important;}\u00a0\u00bb]<\/p>\n<ul>\n<li>Nous avons diff\u00e9rents types d\u2019appareils. Les <span class=\"verde-oscuro\"><strong>appareils autonomes<\/strong><\/span>, sont des appareils sans installation et avec des <span class=\"verde-oscuro\"><strong>batteries de longue dur\u00e9e<\/strong><\/span>. Ils sont la solution id\u00e9ale lorsque notre besoin est de contr\u00f4ler la localisation de la plateforme quelques fois par jour. Selon la configuration, ils peuvent atteindre une autonomie pouvant aller jusqu\u2019\u00e0 2 ans.<\/li>\n<li>Les <span class=\"verde-oscuro\"><strong>appareils avec installation<\/strong><\/span>, nn\u00e9cessitent une connexion filaire a travers la prise. Selon l\u2019appareil choisi, une fois la plateforme du tracteur d\u00e9croch\u00e9e, nous pouvons avoir une autonomie de quelques heures \u00e0 une autonomie de deux mois \u00e0 localisation constante.<\/li>\n<li>Sans avoir besoin d\u2019installer un localisateur, Gestracking offre la possibilit\u00e9, gr\u00e2ce \u00e0 un petit capteur, d\u2019obtenir <span class=\"verde-oscuro\"><strong>l\u2019identification automatique<\/strong><\/span> de la remorque.<\/li>\n<li>Les plateformes sont un \u00e9l\u00e9ment cl\u00e9 de l\u2019efficacit\u00e9 et de l\u2019optimisation des co\u00fbts. Dans ce cas \u00e9galement, avec l\u2019installation d\u2019un petit capteur, nous pouvons g\u00e9rer les <span class=\"verde-oscuro\"><strong>alarmes en temps r\u00e9el de la connexion de la prise ABS<\/strong><\/span>.<\/li>\n<\/ul>\n<p>[\/vc_column_text][\/vc_column][\/vc_row][vc_row css=\u00a0\u00bb.vc_custom_1683797730034{margin-bottom: 80px !important;padding-top: 25px !important;padding-bottom: 25px !important;background-color: #c7dae1 !important;}\u00a0\u00bb el_class=\u00a0\u00bbseccion-contacto-sectores\u00a0\u00bb][vc_column width=\u00a0\u00bb5\/12&Prime;][vc_column_text]<\/p>\n<p class=\"tit-contacto-sectores\">N\u2019oubliez pas que Gestracking <span class=\"verde-oscuro\">d\u00e9veloppe<\/span> pour ses <span class=\"verde-electrico\">lients sans frais suppl\u00e9mentaires<\/span><\/p>\n<p>[\/vc_column_text][\/vc_column][vc_column width=\u00a0\u00bb1\/12&Prime;][vc_single_image image=\u00a0\u00bb1948&Prime; img_size=\u00a0\u00bbfull\u00a0\u00bb alignment=\u00a0\u00bbcenter\u00a0\u00bb el_class=\u00a0\u00bbimagen-exclamacion-sectores\u00a0\u00bb][\/vc_column][vc_column width=\u00a0\u00bb6\/12&Prime;][vc_column_text]Si vous avez des questions ou besoin d\u2019\u00e9claircissements, on vous appelle.[\/vc_column_text]<form class=\"dt-contact-form dt-form privacy-form\" method=\"post\"><input type=\"hidden\" name=\"widget_id\" value=\"presscore-contact-form-widget--1\" \/><input type=\"hidden\" name=\"send_message\" value=\"\" \/><input type=\"hidden\" name=\"security_token\" value=\"dbc677cab55c85fdbc6d\"\/><div class=\"form-fields\"><span class=\"form-name\"><label class=\"assistive-text\">Nom *<\/label><input type=\"text\" class=\"validate[required]\" placeholder=\"Nom *\" name=\"name\" value=\"\" aria-required=\"true\">\n<\/span><span class=\"form-telephone\"><label class=\"assistive-text\">T\u00e9l\u00e9phone *<\/label><input type=\"text\" class=\"validate[required,custom[phone]]\" placeholder=\"T\u00e9l\u00e9phone *\" name=\"telephone\" value=\"\" aria-required=\"true\">\n<\/span><\/div><p class=\"the7-form-terms-wrap\"><input type=\"checkbox\" id=\"the7-form-terms-4a64d913220fca4c33c140c6952688a8\" name=\"terms\" class=\"validate[required] the7-form-terms\" aria-required=\"true\" \/>&nbsp;<label for=\"the7-form-terms-4a64d913220fca4c33c140c6952688a8\"><span class=\"form-terms-text\">Por favor, confirma que has le\u00eddo nuestra <a href=\"http:\/\/gestracking.com\/privacidad_datos\">Pol\u00edtica de Privacidad y Confidencialidad de Datos<\/a>.\n<br><\/span><\/label><\/p><p><a href=\"#\" class=\"dt-btn dt-btn-m dt-btn-submit\" rel=\"nofollow\"><span>ENVOYEZ ET NOUS VOUS APPELLERONS!<\/span><\/a><input class=\"assistive-text\" type=\"submit\" value=\"envoyer\"><\/p><\/form>\n[\/vc_column][\/vc_row][vc_row full_width=\u00a0\u00bbstretch_row_content\u00a0\u00bb el_class=\u00a0\u00bbseparador-final\u00a0\u00bb][vc_column][\/vc_column][\/vc_row]<\/p>\n<\/div>","protected":false},"excerpt":{"rendered":"<p>[vc_row full_width=\u00a0\u00bbstretch_row_content\u00a0\u00bb el_class=\u00a0\u00bbseparador-inicial\u00a0\u00bb][vc_column][\/vc_column][\/vc_row][vc_row css=\u00a0\u00bb.vc_custom_1683756731356{padding-top: 80px !important;}\u00a0\u00bb][vc_column][vc_empty_space height=\u00a0\u00bb64px\u00a0\u00bb][\/vc_column][\/vc_row][vc_row css=\u00a0\u00bb.vc_custom_1683796294329{margin-bottom: 64px !important;}\u00a0\u00bb][vc_column width=\u00a0\u00bb1\/2&Prime;][vc_column_text css=\u00a0\u00bb.vc_custom_1683758663667{padding-top: 60px !important;}\u00a0\u00bb] Notre plateforme de suivi est totalement flexible, permettant \u00e0 nos clients d\u2019ajouter les modules et les solutions qui r\u00e9pondent le mieux \u00e0 leurs besoins. [\/vc_column_text][\/vc_column][vc_column width=\u00a0\u00bb1\/2&Prime;][vc_column_text css=\u00a0\u00bb.vc_custom_1683804319730{margin-bottom: 30px !important;}\u00a0\u00bb] Le contr\u00f4le de plateforme est un besoin de plus en plus ressenti&hellip;<\/p>\n","protected":false},"author":2,"featured_media":0,"parent":2611,"menu_order":0,"comment_status":"closed","ping_status":"closed","template":"","meta":{"inline_featured_image":false,"footnotes":""},"class_list":["post-2634","page","type-page","status-publish","hentry","description-off"],"aioseo_notices":[],"_links":{"self":[{"href":"https:\/\/gestracking.com\/fr\/wp-json\/wp\/v2\/pages\/2634","targetHints":{"allow":["GET"]}}],"collection":[{"href":"https:\/\/gestracking.com\/fr\/wp-json\/wp\/v2\/pages"}],"about":[{"href":"https:\/\/gestracking.com\/fr\/wp-json\/wp\/v2\/types\/page"}],"author":[{"embeddable":true,"href":"https:\/\/gestracking.com\/fr\/wp-json\/wp\/v2\/users\/2"}],"replies":[{"embeddable":true,"href":"https:\/\/gestracking.com\/fr\/wp-json\/wp\/v2\/comments?post=2634"}],"version-history":[{"count":2,"href":"https:\/\/gestracking.com\/fr\/wp-json\/wp\/v2\/pages\/2634\/revisions"}],"predecessor-version":[{"id":2636,"href":"https:\/\/gestracking.com\/fr\/wp-json\/wp\/v2\/pages\/2634\/revisions\/2636"}],"up":[{"embeddable":true,"href":"https:\/\/gestracking.com\/fr\/wp-json\/wp\/v2\/pages\/2611"}],"wp:attachment":[{"href":"https:\/\/gestracking.com\/fr\/wp-json\/wp\/v2\/media?parent=2634"}],"curies":[{"name":"wp","href":"https:\/\/api.w.org\/{rel}","templated":true}]}}