{"id":2626,"date":"2019-11-25T14:21:57","date_gmt":"2019-11-25T13:21:57","guid":{"rendered":"https:\/\/gestracking.com\/produits\/transport-de-marchandises\/"},"modified":"2023-05-23T19:04:55","modified_gmt":"2023-05-23T17:04:55","slug":"transport-de-marchandises","status":"publish","type":"page","link":"https:\/\/gestracking.com\/fr\/produits\/transport-de-marchandises\/","title":{"rendered":"Transport de Marchandises"},"content":{"rendered":"<div class=\"wpb-content-wrapper\"><p>[vc_row full_width=\u00a0\u00bbstretch_row_content\u00a0\u00bb el_class=\u00a0\u00bbseparador-inicial\u00a0\u00bb][vc_column][\/vc_column][\/vc_row][vc_row css=\u00a0\u00bb.vc_custom_1683756731356{padding-top: 80px !important;}\u00a0\u00bb][vc_column]<div id=\"ultimate-heading-128169f7056a9bc7a\" class=\"uvc-heading ult-adjust-bottom-margin ultimate-heading-128169f7056a9bc7a uvc-8680 separador-personalizado uvc-heading-default-font-sizes\" data-hspacer=\"line_only\"  data-halign=\"center\" style=\"text-align:center\"><div class=\"uvc-main-heading ult-responsive\"  data-ultimate-target='.uvc-heading.ultimate-heading-128169f7056a9bc7a h2'  data-responsive-json-new='{\"font-size\":\"\",\"line-height\":\"\"}' ><h2 style=\"--font-weight:theme;\">TRANSPORT DE MARCHANDISES<\/h2><\/div><div class=\"uvc-heading-spacer line_only\" style=\"topheight:9px;\"><span class=\"uvc-headings-line\" style=\"border-style:solid;border-bottom-width:9px;border-color:;width:160px;\"><\/span><\/div><\/div>[vc_empty_space height=\u00a0\u00bb64px\u00a0\u00bb][\/vc_column][\/vc_row][vc_row css=\u00a0\u00bb.vc_custom_1683796294329{margin-bottom: 64px !important;}\u00a0\u00bb][vc_column width=\u00a0\u00bb1\/2&Prime;]<style type=\"text\/css\" data-type=\"the7_shortcodes-inline-css\">.shortcode-single-image-wrap.shortcode-single-image-0290151c48f511830f268c1df09f305d.enable-bg-rollover .rollover i,\n.shortcode-single-image-wrap.shortcode-single-image-0290151c48f511830f268c1df09f305d.enable-bg-rollover .rollover-video i {\n  background: -webkit-linear-gradient();\n  background: linear-gradient();\n}\n.shortcode-single-image-wrap.shortcode-single-image-0290151c48f511830f268c1df09f305d .rollover-icon {\n  font-size: 32px;\n  color: #ffffff;\n  min-width: 44px;\n  min-height: 44px;\n  line-height: 44px;\n  border-radius: 100px;\n  border-style: solid;\n  border-width: 0px;\n}\n.dt-icon-bg-on.shortcode-single-image-wrap.shortcode-single-image-0290151c48f511830f268c1df09f305d .rollover-icon {\n  background: rgba(255,255,255,0.3);\n  box-shadow: none;\n}\n<\/style><div class=\"shortcode-single-image-wrap shortcode-single-image-0290151c48f511830f268c1df09f305d alignnone  enable-bg-rollover dt-icon-bg-off\" style=\"margin-top:0px; margin-bottom:0px; margin-left:0px; margin-right:0px; width:500px;\"><div class=\"shortcode-single-image\"><div class=\"fancy-media-wrap  layzr-bg\" style=\"\"><img fetchpriority=\"high\" decoding=\"async\" class=\"preload-me lazy-load aspect\" src=\"data:image\/svg+xml,%3Csvg%20xmlns%3D&#39;http%3A%2F%2Fwww.w3.org%2F2000%2Fsvg&#39;%20viewBox%3D&#39;0%200%20500%20500&#39;%2F%3E\" data-src=\"https:\/\/gestracking.com\/wp-content\/uploads\/2023\/05\/mercancias-500x500.png\" data-srcset=\"https:\/\/gestracking.com\/wp-content\/uploads\/2023\/05\/mercancias-500x500.png 500w, https:\/\/gestracking.com\/wp-content\/uploads\/2023\/05\/mercancias.png 600w\" loading=\"eager\" sizes=\"(max-width: 500px) 100vw, 500px\" width=\"500\" height=\"500\"  data-dt-location=\"https:\/\/gestracking.com\/fr\/productos\/transporte_de_mercancia\/mercancias\/\" style=\"--ratio: 500 \/ 500;\" alt=\"mercancias\" \/><\/div><\/div><\/div>[vc_column_text css=\u00a0\u00bb.vc_custom_1683758663667{padding-top: 60px !important;}\u00a0\u00bb]<\/p>\n<p class=\"parrafo-verde-en-sectores\"><strong>Notre plateforme de suivi est <span class=\"verde-cesped\">totalement flexible<\/span>,<\/strong> permettant \u00e0 nos <strong>clients d\u2019ajouter les <span class=\"verde-cesped\">modules<\/span> et les <span class=\"verde-cesped\">solutions<\/span><\/strong> qui r\u00e9pondent le mieux \u00e0 leurs <strong>besoins.<\/strong><\/p>\n<p>[\/vc_column_text][\/vc_column][vc_column width=\u00a0\u00bb1\/2&Prime;][vc_column_text css=\u00a0\u00bb.vc_custom_1683757834932{margin-bottom: 30px !important;}\u00a0\u00bb]<\/p>\n<p class=\"tamano-intermedio\">Le transport de marchandises n\u00e9cessite des solutions efficaces pour obtenir une gestion optimis\u00e9e des d\u00e9lais et des co\u00fbts.<\/p>\n<p>[\/vc_column_text][vc_column_text el_class=\u00a0\u00bbbloque-gris-con-lista iconoplay\u00a0\u00bb css=\u00a0\u00bb.vc_custom_1683757983533{padding-top: 60px !important;padding-bottom: 45px !important;}\u00a0\u00bb]<\/p>\n<ul>\n<li>Un large \u00e9ventail de <span class=\"verde-oscuro\"><strong>rapports<\/strong><\/span>, s\u00e9par\u00e9s par des v\u00e9hicules ou des conducteurs et par des p\u00e9riodes s\u00e9lectionnables, nous permet d\u2019obtenir une image claire de l\u2019activit\u00e9 de la flotte. Nous ne parlons pas seulement des rapports d\u2019activit\u00e9\u2026<\/li>\n<li>\u00c9galement des <span class=\"verde-oscuro\"><strong>rapports sur l\u2019\u00e9nergie<\/strong><\/span>. \u00c0 l\u2019aide des donn\u00e9es CANBUS, nous pouvons analyser les styles de conduite et la consommation. Comparez les voyages sur un pied d\u2019\u00e9galit\u00e9. Examinez avec pr\u00e9cision le carburant ravitaill\u00e9 avec le carburant consomm\u00e9. Obtenez une \u00abnote d\u2019efficacit\u00e9\u00bb de nos conducteurs.<\/li>\n<li>La <span class=\"verde-oscuro\"><strong>planification des itin\u00e9raires<\/strong><\/span> est un autre \u00e9l\u00e9ment fondamental du transport de marchandises. Gr\u00e2ce \u00e0 Gestracking, vous pouvez configurer un itin\u00e9raire id\u00e9al et, ayant le bon outil, l\u2019envoyer au conducteur. De plus, en utilisant les donn\u00e9es du tachygraphe, le syst\u00e8me vous aidera \u00e0 d\u00e9cider quel v\u00e9hicule \/ conducteur est le plus appropri\u00e9 pour un trajet donn\u00e9, en fonction de l\u2019emplacement, de la distance et des temps de conduite.<\/li>\n<li>Cela est possible gr\u00e2ce aux <span class=\"verde-oscuro\"><strong>temps de conduite en temps r\u00e9el<\/strong><\/span>. C\u2019est un outil essentiel lors de la planification des t\u00e2ches et une aide fondamentale pour \u00e9viter d\u2019\u00e9ventuelles sanctions.<\/li>\n<\/ul>\n<p>[\/vc_column_text][\/vc_column][\/vc_row][vc_row css=\u00a0\u00bb.vc_custom_1683797730034{margin-bottom: 80px !important;padding-top: 25px !important;padding-bottom: 25px !important;background-color: #c7dae1 !important;}\u00a0\u00bb el_class=\u00a0\u00bbseccion-contacto-sectores\u00a0\u00bb][vc_column width=\u00a0\u00bb5\/12&Prime;][vc_column_text]<\/p>\n<p class=\"tit-contacto-sectores\">N\u2019oubliez pas que Gestracking <span class=\"verde-oscuro\">d\u00e9veloppe<\/span> pour ses <span class=\"verde-electrico\">lients sans frais suppl\u00e9mentaires<\/span><\/p>\n<p>[\/vc_column_text][\/vc_column][vc_column width=\u00a0\u00bb1\/12&Prime;][vc_single_image image=\u00a0\u00bb1948&Prime; img_size=\u00a0\u00bbfull\u00a0\u00bb alignment=\u00a0\u00bbcenter\u00a0\u00bb el_class=\u00a0\u00bbimagen-exclamacion-sectores\u00a0\u00bb][\/vc_column][vc_column width=\u00a0\u00bb6\/12&Prime;][vc_column_text]Si vous avez des questions ou besoin d\u2019\u00e9claircissements, on vous appelle.[\/vc_column_text]<form class=\"dt-contact-form dt-form privacy-form\" method=\"post\"><input type=\"hidden\" name=\"widget_id\" value=\"presscore-contact-form-widget--1\" \/><input type=\"hidden\" name=\"send_message\" value=\"\" \/><input type=\"hidden\" name=\"security_token\" value=\"dbc677cab55c85fdbc6d\"\/><div class=\"form-fields\"><span class=\"form-name\"><label class=\"assistive-text\">Nom *<\/label><input type=\"text\" class=\"validate[required]\" placeholder=\"Nom *\" name=\"name\" value=\"\" aria-required=\"true\">\n<\/span><span class=\"form-telephone\"><label class=\"assistive-text\">T\u00e9l\u00e9phone *<\/label><input type=\"text\" class=\"validate[required,custom[phone]]\" placeholder=\"T\u00e9l\u00e9phone *\" name=\"telephone\" value=\"\" aria-required=\"true\">\n<\/span><\/div><p class=\"the7-form-terms-wrap\"><input type=\"checkbox\" id=\"the7-form-terms-9dee60d3205c5eda2a74f342f26bc6e0\" name=\"terms\" class=\"validate[required] the7-form-terms\" aria-required=\"true\" \/>&nbsp;<label for=\"the7-form-terms-9dee60d3205c5eda2a74f342f26bc6e0\"><span class=\"form-terms-text\">Por favor, confirma que has le\u00eddo nuestra <a href=\"http:\/\/gestracking.com\/privacidad_datos\">Pol\u00edtica de Privacidad y Confidencialidad de Datos<\/a>.\n<br><\/span><\/label><\/p><p><a href=\"#\" class=\"dt-btn dt-btn-m dt-btn-submit\" rel=\"nofollow\"><span>ENVOYEZ ET NOUS VOUS APPELLERONS!<\/span><\/a><input class=\"assistive-text\" type=\"submit\" value=\"envoyer\"><\/p><\/form>\n[\/vc_column][\/vc_row][vc_row full_width=\u00a0\u00bbstretch_row_content\u00a0\u00bb el_class=\u00a0\u00bbseparador-final\u00a0\u00bb][vc_column][\/vc_column][\/vc_row]<\/p>\n<\/div>","protected":false},"excerpt":{"rendered":"<p>[vc_row full_width=\u00a0\u00bbstretch_row_content\u00a0\u00bb el_class=\u00a0\u00bbseparador-inicial\u00a0\u00bb][vc_column][\/vc_column][\/vc_row][vc_row css=\u00a0\u00bb.vc_custom_1683756731356{padding-top: 80px !important;}\u00a0\u00bb][vc_column][vc_empty_space height=\u00a0\u00bb64px\u00a0\u00bb][\/vc_column][\/vc_row][vc_row css=\u00a0\u00bb.vc_custom_1683796294329{margin-bottom: 64px !important;}\u00a0\u00bb][vc_column width=\u00a0\u00bb1\/2&Prime;][vc_column_text css=\u00a0\u00bb.vc_custom_1683758663667{padding-top: 60px !important;}\u00a0\u00bb] Notre plateforme de suivi est totalement flexible, permettant \u00e0 nos clients d\u2019ajouter les modules et les solutions qui r\u00e9pondent le mieux \u00e0 leurs besoins. [\/vc_column_text][\/vc_column][vc_column width=\u00a0\u00bb1\/2&Prime;][vc_column_text css=\u00a0\u00bb.vc_custom_1683757834932{margin-bottom: 30px !important;}\u00a0\u00bb] Le transport de marchandises n\u00e9cessite des solutions efficaces pour obtenir une gestion&hellip;<\/p>\n","protected":false},"author":1,"featured_media":0,"parent":2611,"menu_order":0,"comment_status":"closed","ping_status":"closed","template":"","meta":{"inline_featured_image":false,"footnotes":""},"class_list":["post-2626","page","type-page","status-publish","hentry","description-off"],"aioseo_notices":[],"_links":{"self":[{"href":"https:\/\/gestracking.com\/fr\/wp-json\/wp\/v2\/pages\/2626","targetHints":{"allow":["GET"]}}],"collection":[{"href":"https:\/\/gestracking.com\/fr\/wp-json\/wp\/v2\/pages"}],"about":[{"href":"https:\/\/gestracking.com\/fr\/wp-json\/wp\/v2\/types\/page"}],"author":[{"embeddable":true,"href":"https:\/\/gestracking.com\/fr\/wp-json\/wp\/v2\/users\/1"}],"replies":[{"embeddable":true,"href":"https:\/\/gestracking.com\/fr\/wp-json\/wp\/v2\/comments?post=2626"}],"version-history":[{"count":2,"href":"https:\/\/gestracking.com\/fr\/wp-json\/wp\/v2\/pages\/2626\/revisions"}],"predecessor-version":[{"id":2628,"href":"https:\/\/gestracking.com\/fr\/wp-json\/wp\/v2\/pages\/2626\/revisions\/2628"}],"up":[{"embeddable":true,"href":"https:\/\/gestracking.com\/fr\/wp-json\/wp\/v2\/pages\/2611"}],"wp:attachment":[{"href":"https:\/\/gestracking.com\/fr\/wp-json\/wp\/v2\/media?parent=2626"}],"curies":[{"name":"wp","href":"https:\/\/api.w.org\/{rel}","templated":true}]}}